{"id":1895,"date":"2022-06-16T16:28:59","date_gmt":"2022-06-16T14:28:59","guid":{"rendered":"https:\/\/droitdecite.com\/?page_id=1895"},"modified":"2023-03-30T15:58:15","modified_gmt":"2023-03-30T13:58:15","slug":"production-deleguee","status":"publish","type":"page","link":"https:\/\/droitdecite.com\/?page_id=1895","title":{"rendered":"Production d\u00e9l\u00e9gu\u00e9e"},"content":{"rendered":"\t\t<div data-elementor-type=\"wp-page\" data-elementor-id=\"1895\" class=\"elementor elementor-1895\" data-elementor-settings=\"[]\">\n\t\t\t\t\t\t\t<div class=\"elementor-section-wrap\">\n\t\t\t\t\t\t\t<section class=\"elementor-section elementor-top-section elementor-element elementor-element-7303fab elementor-section-boxed elementor-section-height-default elementor-section-height-default\" data-id=\"7303fab\" data-element_type=\"section\" data-settings=\"{&quot;background_background&quot;:&quot;classic&quot;}\">\n\t\t\t\t\t\t\t<div class=\"elementor-background-overlay\"><\/div>\n\t\t\t\t\t\t\t<div class=\"elementor-container elementor-column-gap-default\">\n\t\t\t\t\t<div class=\"elementor-column elementor-col-100 elementor-top-column elementor-element elementor-element-932a9d9\" data-id=\"932a9d9\" data-element_type=\"column\">\n\t\t\t<div class=\"elementor-widget-wrap elementor-element-populated\">\n\t\t\t\t\t\t\t\t<section class=\"elementor-section elementor-inner-section elementor-element elementor-element-91571ce elementor-section-boxed elementor-section-height-default elementor-section-height-default elementor-invisible\" data-id=\"91571ce\" data-element_type=\"section\" data-settings=\"{&quot;animation&quot;:&quot;fadeInUp&quot;}\">\n\t\t\t\t\t\t<div class=\"elementor-container elementor-column-gap-default\">\n\t\t\t\t\t<div class=\"elementor-column elementor-col-100 elementor-inner-column elementor-element elementor-element-3f4adc7 elementor-invisible\" data-id=\"3f4adc7\" data-element_type=\"column\" data-settings=\"{&quot;background_background&quot;:&quot;classic&quot;,&quot;animation&quot;:&quot;fadeInUp&quot;,&quot;animation_delay&quot;:300}\">\n\t\t\t<div class=\"elementor-widget-wrap elementor-element-populated\">\n\t\t\t\t\t\t\t\t<div class=\"elementor-element elementor-element-65df3d9 elementor-invisible elementor-widget elementor-widget-heading\" data-id=\"65df3d9\" data-element_type=\"widget\" data-settings=\"{&quot;_animation&quot;:&quot;fadeInUp&quot;,&quot;_animation_delay&quot;:500}\" data-widget_type=\"heading.default\">\n\t\t\t\t<div class=\"elementor-widget-container\">\n\t\t\t<h1 class=\"elementor-heading-title elementor-size-default\">Production d\u00e9l\u00e9gu\u00e9e<\/h1>\t\t<\/div>\n\t\t\t\t<\/div>\n\t\t\t\t\t<\/div>\n\t\t<\/div>\n\t\t\t\t\t\t\t<\/div>\n\t\t<\/section>\n\t\t\t\t\t<\/div>\n\t\t<\/div>\n\t\t\t\t\t\t\t<\/div>\n\t\t<\/section>\n\t\t\t\t<section class=\"elementor-section elementor-top-section elementor-element elementor-element-8e025fe elementor-section-boxed elementor-section-height-default elementor-section-height-default\" data-id=\"8e025fe\" data-element_type=\"section\">\n\t\t\t\t\t\t<div class=\"elementor-container elementor-column-gap-default\">\n\t\t\t\t\t<div class=\"elementor-column elementor-col-100 elementor-top-column elementor-element elementor-element-460b8f2 elementor-invisible\" data-id=\"460b8f2\" data-element_type=\"column\" data-settings=\"{&quot;animation&quot;:&quot;fadeInLeft&quot;}\">\n\t\t\t<div class=\"elementor-widget-wrap elementor-element-populated\">\n\t\t\t\t\t\t\t\t<div class=\"elementor-element elementor-element-6eec2b4 elementor-widget elementor-widget-text-editor\" data-id=\"6eec2b4\" data-element_type=\"widget\" data-widget_type=\"text-editor.default\">\n\t\t\t\t<div class=\"elementor-widget-container\">\n\t\t\t\t\t<div class=\"elementor-text-editor elementor-clearfix\">La production d\u00e9l\u00e9gu\u00e9e c&#8217;est le soutien \u00e0 la cr\u00e9ation artistique. Droit de Cit\u00e9 accompagne chaque ann\u00e9e des compagnies, auteurs, groupes de musique et autres artistes afin qu&#8217;ils disposent de ressources n\u00e9cessaires \u00e0 la cr\u00e9ation de nouveaux projets.<\/div>\n\t\t\t\t<\/div>\n\t\t\t\t<\/div>\n\t\t\t\t\t<\/div>\n\t\t<\/div>\n\t\t\t\t\t\t\t<\/div>\n\t\t<\/section>\n\t\t\t\t<section class=\"elementor-section elementor-top-section elementor-element elementor-element-9a51d12 elementor-section-stretched elementor-section-full_width elementor-section-height-default elementor-section-height-default\" data-id=\"9a51d12\" data-element_type=\"section\" data-settings=\"{&quot;stretch_section&quot;:&quot;section-stretched&quot;}\">\n\t\t\t\t\t\t<div class=\"elementor-container elementor-column-gap-default\">\n\t\t\t\t\t<div class=\"elementor-column elementor-col-100 elementor-top-column elementor-element elementor-element-0c6be0b\" data-id=\"0c6be0b\" data-element_type=\"column\">\n\t\t\t<div class=\"elementor-widget-wrap elementor-element-populated\">\n\t\t\t\t\t\t\t\t<div class=\"elementor-element elementor-element-087815a elementor-widget elementor-widget-image\" data-id=\"087815a\" data-element_type=\"widget\" data-widget_type=\"image.default\">\n\t\t\t\t<div class=\"elementor-widget-container\">\n\t\t\t\t\t<div class=\"elementor-image\">\n\t\t\t\t\t\t\t\t\t\t<img width=\"90\" height=\"7\" src=\"https:\/\/droitdecite.com\/wp-content\/uploads\/2021\/03\/divider.png\" class=\"attachment-full size-full\" alt=\"\" loading=\"lazy\" \/>\t\t\t\t\t\t\t\t\t\t\t<\/div>\n\t\t\t\t<\/div>\n\t\t\t\t<\/div>\n\t\t\t\t<section class=\"elementor-section elementor-inner-section elementor-element elementor-element-f1e93dc elementor-section-boxed elementor-section-height-default elementor-section-height-default\" data-id=\"f1e93dc\" data-element_type=\"section\">\n\t\t\t\t\t\t<div class=\"elementor-container elementor-column-gap-default\">\n\t\t\t\t\t<div class=\"elementor-column elementor-col-50 elementor-inner-column elementor-element elementor-element-c5783ba\" data-id=\"c5783ba\" data-element_type=\"column\">\n\t\t\t<div class=\"elementor-widget-wrap elementor-element-populated\">\n\t\t\t\t\t\t\t\t<div class=\"elementor-element elementor-element-4dbbf67 elementor-widget elementor-widget-heading\" data-id=\"4dbbf67\" data-element_type=\"widget\" data-widget_type=\"heading.default\">\n\t\t\t\t<div class=\"elementor-widget-container\">\n\t\t\t<h6 class=\"elementor-heading-title elementor-size-default\">Dans le nid des g\u00e9ants<\/h6>\t\t<\/div>\n\t\t\t\t<\/div>\n\t\t\t\t<div class=\"elementor-element elementor-element-92d779a elementor-widget elementor-widget-text-editor\" data-id=\"92d779a\" data-element_type=\"widget\" data-widget_type=\"text-editor.default\">\n\t\t\t\t<div class=\"elementor-widget-container\">\n\t\t\t\t\t<div class=\"elementor-text-editor elementor-clearfix\">De et par \u00c9douard Manceau <br>\nSpectacle pour les g\u00e9ants de 3 \u00e0 5 ans (et leurs accompagnateurs) <br> <br>\n\nD\u2019o\u00f9 viennent les personnages des livres ?\n\u00c7a sert \u00e0 quoi de lire, d\u2019imaginer, de r\u00eaver quand on est un enfant ?\n\u00c9douard Manceau, auteur de plus d\u2019une centaine d\u2019albums pour la jeunesse,\naura-t-il les r\u00e9ponses \u00e0 ces questions ?\nDans le nid des g\u00e9ants est avant tout une invitation \u00e0 l\u2019imaginaire\nen suivant traits \u00e0 traits la naissance d\u2019une histoire\u2026\nune histoire qui voyage, qui s\u2019imagine, qui na\u00eet et qui grandit !\nOn y croise une souris, une princesse, un pirate, un livre,\ndes crayons, des feuilles blanches, des feuilles habit\u00e9es\net m\u00eame un public&#8230; ! <br>\n<br>\nDistribution\nCom\u00e9dien\/illustrateur :\n\u00c9douard Manceau <br>\n\nCollaboration artistique :\nNicolas Ducron <br>\nProduction \/ Mentions l\u00e9gales :\nDroit de Cit\u00e9\n &#8211; La ville de M\u00e9ricourt\n &#8211; La ville de Leforest <\/div>\n\t\t\t\t<\/div>\n\t\t\t\t<\/div>\n\t\t\t\t\t<\/div>\n\t\t<\/div>\n\t\t\t\t<div class=\"elementor-column elementor-col-50 elementor-inner-column elementor-element elementor-element-88c3bf7\" data-id=\"88c3bf7\" data-element_type=\"column\">\n\t\t\t<div class=\"elementor-widget-wrap elementor-element-populated\">\n\t\t\t\t\t\t\t\t<div class=\"elementor-element elementor-element-26ef7cb elementor-widget elementor-widget-image-carousel\" data-id=\"26ef7cb\" data-element_type=\"widget\" data-settings=\"{&quot;slides_to_show&quot;:&quot;1&quot;,&quot;navigation&quot;:&quot;none&quot;,&quot;effect&quot;:&quot;fade&quot;,&quot;autoplay&quot;:&quot;yes&quot;,&quot;pause_on_hover&quot;:&quot;yes&quot;,&quot;pause_on_interaction&quot;:&quot;yes&quot;,&quot;autoplay_speed&quot;:5000,&quot;infinite&quot;:&quot;yes&quot;,&quot;speed&quot;:500}\" data-widget_type=\"image-carousel.default\">\n\t\t\t\t<div class=\"elementor-widget-container\">\n\t\t\t\t\t<div class=\"elementor-image-carousel-wrapper swiper-container\" dir=\"ltr\">\n\t\t\t<div class=\"elementor-image-carousel swiper-wrapper\">\n\t\t\t\t<div class=\"swiper-slide\"><figure class=\"swiper-slide-inner\"><img class=\"swiper-slide-image\" src=\"https:\/\/droitdecite.com\/wp-content\/uploads\/elementor\/thumbs\/Livret-Le-Nid-des-Geants_Page_1-prlw5q34bh23cyyjx9cr0guqqwhz0ryhpnl73zqdds.jpg\" alt=\"Livret Le Nid des Geants_Page_1\" \/><\/figure><\/div>\t\t\t<\/div>\n\t\t\t\t\t<\/div>\n\t\t\t\t<\/div>\n\t\t\t\t<\/div>\n\t\t\t\t\t<\/div>\n\t\t<\/div>\n\t\t\t\t\t\t\t<\/div>\n\t\t<\/section>\n\t\t\t\t<section class=\"elementor-section elementor-inner-section elementor-element elementor-element-cd6de80 elementor-section-full_width elementor-section-height-default elementor-section-height-default\" data-id=\"cd6de80\" data-element_type=\"section\">\n\t\t\t\t\t\t<div class=\"elementor-container elementor-column-gap-no\">\n\t\t\t\t\t<div class=\"elementor-column elementor-col-50 elementor-inner-column elementor-element elementor-element-a118449\" data-id=\"a118449\" data-element_type=\"column\" data-settings=\"{&quot;background_background&quot;:&quot;classic&quot;}\">\n\t\t\t<div class=\"elementor-widget-wrap elementor-element-populated\">\n\t\t\t\t\t\t\t\t<div class=\"elementor-element elementor-element-49fc904 elementor-align-right elementor-tablet-align-center elementor-invisible elementor-widget elementor-widget-button\" data-id=\"49fc904\" data-element_type=\"widget\" data-settings=\"{&quot;_animation&quot;:&quot;fadeInLeft&quot;,&quot;_animation_delay&quot;:500}\" data-widget_type=\"button.default\">\n\t\t\t\t<div class=\"elementor-widget-container\">\n\t\t\t\t\t<div class=\"elementor-button-wrapper\">\n\t\t\t<a href=\"https:\/\/assoddc.sharepoint.com\/:b:\/s\/DDC\/EcU-9xelPy9PvBPYrt__y-4BJAzeWfZu-2NLXq9Byaqw4Q?e=zNbLT3\" class=\"elementor-button-link elementor-button elementor-size-sm\" role=\"button\">\n\t\t\t\t\t\t<span class=\"elementor-button-content-wrapper\">\n\t\t\t\t\t\t<span class=\"elementor-button-text\">Dossier de pr\u00e9sentation \u00e0 t\u00e9l\u00e9charger<\/span>\n\t\t<\/span>\n\t\t\t\t\t<\/a>\n\t\t<\/div>\n\t\t\t\t<\/div>\n\t\t\t\t<\/div>\n\t\t\t\t\t<\/div>\n\t\t<\/div>\n\t\t\t\t<div class=\"elementor-column elementor-col-50 elementor-inner-column elementor-element elementor-element-ff64b22\" data-id=\"ff64b22\" data-element_type=\"column\">\n\t\t\t<div class=\"elementor-widget-wrap\">\n\t\t\t\t\t\t\t\t\t<\/div>\n\t\t<\/div>\n\t\t\t\t\t\t\t<\/div>\n\t\t<\/section>\n\t\t\t\t\t<\/div>\n\t\t<\/div>\n\t\t\t\t\t\t\t<\/div>\n\t\t<\/section>\n\t\t\t\t<section class=\"elementor-section elementor-top-section elementor-element elementor-element-502024c elementor-section-stretched elementor-section-boxed elementor-section-height-default elementor-section-height-default\" data-id=\"502024c\" data-element_type=\"section\" data-settings=\"{&quot;stretch_section&quot;:&quot;section-stretched&quot;,&quot;background_background&quot;:&quot;classic&quot;}\">\n\t\t\t\t\t\t\t<div class=\"elementor-background-overlay\"><\/div>\n\t\t\t\t\t\t\t<div class=\"elementor-container elementor-column-gap-default\">\n\t\t\t\t\t<div class=\"elementor-column elementor-col-100 elementor-top-column elementor-element elementor-element-13877b1\" data-id=\"13877b1\" data-element_type=\"column\">\n\t\t\t<div class=\"elementor-widget-wrap elementor-element-populated\">\n\t\t\t\t\t\t\t\t<section class=\"elementor-section elementor-inner-section elementor-element elementor-element-7851cc7 elementor-section-boxed elementor-section-height-default elementor-section-height-default\" data-id=\"7851cc7\" data-element_type=\"section\">\n\t\t\t\t\t\t<div class=\"elementor-container elementor-column-gap-default\">\n\t\t\t\t\t<div class=\"elementor-column elementor-col-33 elementor-inner-column elementor-element elementor-element-b5fd81a elementor-invisible\" data-id=\"b5fd81a\" data-element_type=\"column\" data-settings=\"{&quot;background_background&quot;:&quot;classic&quot;,&quot;animation&quot;:&quot;fadeInLeft&quot;,&quot;animation_delay&quot;:500}\">\n\t\t\t<div class=\"elementor-widget-wrap elementor-element-populated\">\n\t\t\t\t\t\t\t\t<div class=\"elementor-element elementor-element-bffd4c6 elementor-widget elementor-widget-heading\" data-id=\"bffd4c6\" data-element_type=\"widget\" data-widget_type=\"heading.default\">\n\t\t\t\t<div class=\"elementor-widget-container\">\n\t\t\t<h2 class=\"elementor-heading-title elementor-size-default\">Restez connect\u00e9s pour \u00eatre inform\u00e9s des prochains \u00e9v\u00e9nements<\/h2>\t\t<\/div>\n\t\t\t\t<\/div>\n\t\t\t\t\t<\/div>\n\t\t<\/div>\n\t\t\t\t<div class=\"elementor-column elementor-col-33 elementor-inner-column elementor-element elementor-element-5c8910a elementor-invisible\" data-id=\"5c8910a\" data-element_type=\"column\" data-settings=\"{&quot;background_background&quot;:&quot;classic&quot;,&quot;animation&quot;:&quot;fadeInUp&quot;,&quot;animation_delay&quot;:500}\">\n\t\t\t<div class=\"elementor-widget-wrap elementor-element-populated\">\n\t\t\t\t\t\t\t\t<div class=\"elementor-element elementor-element-b2f1a2a elementor-widget elementor-widget-image\" data-id=\"b2f1a2a\" data-element_type=\"widget\" data-widget_type=\"image.default\">\n\t\t\t\t<div class=\"elementor-widget-container\">\n\t\t\t\t\t<div class=\"elementor-image\">\n\t\t\t\t\t\t\t\t\t\t<img width=\"90\" height=\"7\" src=\"https:\/\/droitdecite.com\/wp-content\/uploads\/2021\/03\/divider.png\" class=\"attachment-full size-full\" alt=\"\" loading=\"lazy\" \/>\t\t\t\t\t\t\t\t\t\t\t<\/div>\n\t\t\t\t<\/div>\n\t\t\t\t<\/div>\n\t\t\t\t<div class=\"elementor-element elementor-element-531ba17 elementor-widget elementor-widget-heading\" data-id=\"531ba17\" data-element_type=\"widget\" data-widget_type=\"heading.default\">\n\t\t\t\t<div class=\"elementor-widget-container\">\n\t\t\t<h6 class=\"elementor-heading-title elementor-size-default\">Abonnez-vous \u00e0 <br>\nla newsletter<\/h6>\t\t<\/div>\n\t\t\t\t<\/div>\n\t\t\t\t\t<\/div>\n\t\t<\/div>\n\t\t\t\t<div class=\"elementor-column elementor-col-33 elementor-inner-column elementor-element elementor-element-be4522b elementor-invisible\" data-id=\"be4522b\" data-element_type=\"column\" data-settings=\"{&quot;background_background&quot;:&quot;classic&quot;,&quot;animation&quot;:&quot;fadeInRight&quot;,&quot;animation_delay&quot;:500}\">\n\t\t\t<div class=\"elementor-widget-wrap elementor-element-populated\">\n\t\t\t\t\t\t\t\t<div class=\"elementor-element elementor-element-3bd4b5a elementor-widget elementor-widget-image\" data-id=\"3bd4b5a\" data-element_type=\"widget\" data-widget_type=\"image.default\">\n\t\t\t\t<div class=\"elementor-widget-container\">\n\t\t\t\t\t<div class=\"elementor-image\">\n\t\t\t\t\t\t\t\t\t\t<img width=\"90\" height=\"7\" src=\"https:\/\/droitdecite.com\/wp-content\/uploads\/2021\/03\/divider2.png\" class=\"attachment-full size-full\" alt=\"\" loading=\"lazy\" \/>\t\t\t\t\t\t\t\t\t\t\t<\/div>\n\t\t\t\t<\/div>\n\t\t\t\t<\/div>\n\t\t\t\t<div class=\"elementor-element elementor-element-0853671 elementor-widget elementor-widget-heading\" data-id=\"0853671\" data-element_type=\"widget\" data-widget_type=\"heading.default\">\n\t\t\t\t<div class=\"elementor-widget-container\">\n\t\t\t<h6 class=\"elementor-heading-title elementor-size-default\">Suivez-nous<\/h6>\t\t<\/div>\n\t\t\t\t<\/div>\n\t\t\t\t<div class=\"elementor-element elementor-element-0644c86 elementor-shape-circle e-grid-align-left elementor-grid-0 elementor-widget elementor-widget-social-icons\" data-id=\"0644c86\" data-element_type=\"widget\" data-widget_type=\"social-icons.default\">\n\t\t\t\t<div class=\"elementor-widget-container\">\n\t\t\t\t\t<div class=\"elementor-social-icons-wrapper elementor-grid\">\n\t\t\t\t\t\t\t<div class=\"elementor-grid-item\">\n\t\t\t\t\t<a class=\"elementor-icon elementor-social-icon elementor-social-icon-facebook-f elementor-repeater-item-1670c18\" href=\"https:\/\/www.facebook.com\/droit.decite.3\" target=\"_blank\">\n\t\t\t\t\t\t<span class=\"elementor-screen-only\">Facebook-f<\/span>\n\t\t\t\t\t\t<i class=\"fab fa-facebook-f\"><\/i>\t\t\t\t\t<\/a>\n\t\t\t\t<\/div>\n\t\t\t\t\t\t\t<div class=\"elementor-grid-item\">\n\t\t\t\t\t<a class=\"elementor-icon elementor-social-icon elementor-social-icon-instagram elementor-repeater-item-4aecbe9\" href=\"https:\/\/www.instagram.com\/droitdecite\/\" target=\"_blank\">\n\t\t\t\t\t\t<span class=\"elementor-screen-only\">Instagram<\/span>\n\t\t\t\t\t\t<i class=\"fab fa-instagram\"><\/i>\t\t\t\t\t<\/a>\n\t\t\t\t<\/div>\n\t\t\t\t\t\t\t<div class=\"elementor-grid-item\">\n\t\t\t\t\t<a class=\"elementor-icon elementor-social-icon elementor-social-icon-envelope elementor-repeater-item-a4d6c05\" href=\"mailto:%20contact@droitdecite.com\" target=\"_blank\">\n\t\t\t\t\t\t<span class=\"elementor-screen-only\">Envelope<\/span>\n\t\t\t\t\t\t<i class=\"fas fa-envelope\"><\/i>\t\t\t\t\t<\/a>\n\t\t\t\t<\/div>\n\t\t\t\t\t<\/div>\n\t\t\t\t<\/div>\n\t\t\t\t<\/div>\n\t\t\t\t<div class=\"elementor-element elementor-element-14da5e3 elementor-widget elementor-widget-spacer\" data-id=\"14da5e3\" data-element_type=\"widget\" data-widget_type=\"spacer.default\">\n\t\t\t\t<div class=\"elementor-widget-container\">\n\t\t\t\t\t<div class=\"elementor-spacer\">\n\t\t\t<div class=\"elementor-spacer-inner\"><\/div>\n\t\t<\/div>\n\t\t\t\t<\/div>\n\t\t\t\t<\/div>\n\t\t\t\t<div class=\"elementor-element elementor-element-5ef6249 elementor-widget elementor-widget-heading\" data-id=\"5ef6249\" data-element_type=\"widget\" data-widget_type=\"heading.default\">\n\t\t\t\t<div class=\"elementor-widget-container\">\n\t\t\t<h6 class=\"elementor-heading-title elementor-size-default\">Partagez<\/h6>\t\t<\/div>\n\t\t\t\t<\/div>\n\t\t\t\t\t<\/div>\n\t\t<\/div>\n\t\t\t\t\t\t\t<\/div>\n\t\t<\/section>\n\t\t\t\t\t<\/div>\n\t\t<\/div>\n\t\t\t\t\t\t\t<\/div>\n\t\t<\/section>\n\t\t\t\t\t\t<\/div>\n\t\t\t\t\t<\/div>\n\t\t","protected":false},"excerpt":{"rendered":"<p>Production d\u00e9l\u00e9gu\u00e9e La production d\u00e9l\u00e9gu\u00e9e c&#8217;est le soutien \u00e0 la cr\u00e9ation artistique. Droit de Cit\u00e9 accompagne chaque ann\u00e9e des compagnies, auteurs, groupes de musique et autres artistes afin qu&#8217;ils disposent de ressources n\u00e9cessaires \u00e0 la cr\u00e9ation de nouveaux projets. Dans le nid des g\u00e9ants De et par \u00c9douard Manceau Spectacle pour les g\u00e9ants de 3 [&hellip;]<\/p>\n","protected":false},"author":1,"featured_media":0,"parent":0,"menu_order":0,"comment_status":"closed","ping_status":"closed","template":"","meta":[],"yoast_head":"<!-- This site is optimized with the Yoast SEO plugin v16.0.2 - https:\/\/yoast.com\/wordpress\/plugins\/seo\/ -->\n<title>Production d\u00e9l\u00e9gu\u00e9e - Droit de Cit\u00e9<\/title>\n<link rel=\"canonical\" href=\"https:\/\/droitdecite.com\/?page_id=1895\" \/>\n<meta property=\"og:locale\" content=\"en_US\" \/>\n<meta property=\"og:type\" content=\"article\" \/>\n<meta property=\"og:title\" content=\"Production d\u00e9l\u00e9gu\u00e9e - Droit de Cit\u00e9\" \/>\n<meta property=\"og:description\" content=\"Production d\u00e9l\u00e9gu\u00e9e La production d\u00e9l\u00e9gu\u00e9e c&#8217;est le soutien \u00e0 la cr\u00e9ation artistique. Droit de Cit\u00e9 accompagne chaque ann\u00e9e des compagnies, auteurs, groupes de musique et autres artistes afin qu&#8217;ils disposent de ressources n\u00e9cessaires \u00e0 la cr\u00e9ation de nouveaux projets. Dans le nid des g\u00e9ants De et par \u00c9douard Manceau Spectacle pour les g\u00e9ants de 3 [&hellip;]\" \/>\n<meta property=\"og:url\" content=\"https:\/\/droitdecite.com\/?page_id=1895\" \/>\n<meta property=\"og:site_name\" content=\"Droit de Cit\u00e9\" \/>\n<meta property=\"article:modified_time\" content=\"2023-03-30T13:58:15+00:00\" \/>\n<meta property=\"og:image\" content=\"https:\/\/droitdecite.com\/wp-content\/uploads\/2021\/03\/divider.png\" \/>\n<meta name=\"twitter:card\" content=\"summary_large_image\" \/>\n<meta name=\"twitter:label1\" content=\"Est. reading time\">\n\t<meta name=\"twitter:data1\" content=\"2 minutes\">\n<script type=\"application\/ld+json\" class=\"yoast-schema-graph\">{\"@context\":\"https:\/\/schema.org\",\"@graph\":[{\"@type\":\"WebSite\",\"@id\":\"https:\/\/droitdecite.com\/#website\",\"url\":\"https:\/\/droitdecite.com\/\",\"name\":\"Droit de Cit\\u00e9\",\"description\":\"\",\"potentialAction\":[{\"@type\":\"SearchAction\",\"target\":\"https:\/\/droitdecite.com\/?s={search_term_string}\",\"query-input\":\"required name=search_term_string\"}],\"inLanguage\":\"en-US\"},{\"@type\":\"ImageObject\",\"@id\":\"https:\/\/droitdecite.com\/?page_id=1895#primaryimage\",\"inLanguage\":\"en-US\",\"url\":\"https:\/\/droitdecite.com\/wp-content\/uploads\/2021\/03\/divider.png\",\"width\":90,\"height\":7},{\"@type\":\"WebPage\",\"@id\":\"https:\/\/droitdecite.com\/?page_id=1895#webpage\",\"url\":\"https:\/\/droitdecite.com\/?page_id=1895\",\"name\":\"Production d\\u00e9l\\u00e9gu\\u00e9e - Droit de Cit\\u00e9\",\"isPartOf\":{\"@id\":\"https:\/\/droitdecite.com\/#website\"},\"primaryImageOfPage\":{\"@id\":\"https:\/\/droitdecite.com\/?page_id=1895#primaryimage\"},\"datePublished\":\"2022-06-16T14:28:59+00:00\",\"dateModified\":\"2023-03-30T13:58:15+00:00\",\"breadcrumb\":{\"@id\":\"https:\/\/droitdecite.com\/?page_id=1895#breadcrumb\"},\"inLanguage\":\"en-US\",\"potentialAction\":[{\"@type\":\"ReadAction\",\"target\":[\"https:\/\/droitdecite.com\/?page_id=1895\"]}]},{\"@type\":\"BreadcrumbList\",\"@id\":\"https:\/\/droitdecite.com\/?page_id=1895#breadcrumb\",\"itemListElement\":[{\"@type\":\"ListItem\",\"position\":1,\"item\":{\"@type\":\"WebPage\",\"@id\":\"https:\/\/droitdecite.com\/\",\"url\":\"https:\/\/droitdecite.com\/\",\"name\":\"Accueil\"}},{\"@type\":\"ListItem\",\"position\":2,\"item\":{\"@type\":\"WebPage\",\"@id\":\"https:\/\/droitdecite.com\/?page_id=1895\",\"url\":\"https:\/\/droitdecite.com\/?page_id=1895\",\"name\":\"Production d\\u00e9l\\u00e9gu\\u00e9e\"}}]}]}<\/script>\n<!-- \/ Yoast SEO plugin. -->","_links":{"self":[{"href":"https:\/\/droitdecite.com\/index.php?rest_route=\/wp\/v2\/pages\/1895"}],"collection":[{"href":"https:\/\/droitdecite.com\/index.php?rest_route=\/wp\/v2\/pages"}],"about":[{"href":"https:\/\/droitdecite.com\/index.php?rest_route=\/wp\/v2\/types\/page"}],"author":[{"embeddable":true,"href":"https:\/\/droitdecite.com\/index.php?rest_route=\/wp\/v2\/users\/1"}],"replies":[{"embeddable":true,"href":"https:\/\/droitdecite.com\/index.php?rest_route=%2Fwp%2Fv2%2Fcomments&post=1895"}],"version-history":[{"count":34,"href":"https:\/\/droitdecite.com\/index.php?rest_route=\/wp\/v2\/pages\/1895\/revisions"}],"predecessor-version":[{"id":2969,"href":"https:\/\/droitdecite.com\/index.php?rest_route=\/wp\/v2\/pages\/1895\/revisions\/2969"}],"wp:attachment":[{"href":"https:\/\/droitdecite.com\/index.php?rest_route=%2Fwp%2Fv2%2Fmedia&parent=1895"}],"curies":[{"name":"wp","href":"https:\/\/api.w.org\/{rel}","templated":true}]}}